{"id":2824,"date":"2023-04-19T14:33:55","date_gmt":"2023-04-19T14:33:55","guid":{"rendered":"https:\/\/engranatec.com\/servicios\/alumbrados\/"},"modified":"2023-08-01T17:18:53","modified_gmt":"2023-08-01T17:18:53","slug":"alumbrados","status":"publish","type":"page","link":"https:\/\/engranatec.com\/es\/servicios\/alumbrados\/","title":{"rendered":"Alumbrados"},"content":{"rendered":"<p><div class=\"fusion-fullwidth fullwidth-box fusion-builder-row-1 fusion-flex-container has-pattern-background has-mask-background fusion-parallax-none nonhundred-percent-fullwidth non-hundred-percent-height-scrolling lazyload\" style=\"--awb-background-position:center bottom;--awb-background-blend-mode:screen;--awb-border-radius-top-left:0px;--awb-border-radius-top-right:0px;--awb-border-radius-bottom-right:0px;--awb-border-radius-bottom-left:0px;--awb-padding-top:120px;--awb-padding-bottom:157px;--awb-padding-top-small:50px;--awb-padding-bottom-small:50px;--awb-margin-top:0px;--awb-background-size:cover;\" data-bg=\"https:\/\/engranatec.com\/wp-content\/uploads\/2023\/04\/slider-engranatec-enginyers-03.jpg\" ><div class=\"fusion-builder-row fusion-row fusion-flex-align-items-flex-start\" style=\"max-width:1310.4px;margin-left: calc(-4% \/ 2 );margin-right: calc(-4% \/ 2 );\"><div class=\"fusion-layout-column fusion_builder_column fusion-builder-column-0 fusion_builder_column_1_1 1_1 fusion-flex-column\" style=\"--awb-bg-size:cover;--awb-width-large:100%;--awb-margin-top-large:20px;--awb-spacing-right-large:1.92%;--awb-margin-bottom-large:20px;--awb-spacing-left-large:1.92%;--awb-width-medium:100%;--awb-order-medium:0;--awb-spacing-right-medium:1.92%;--awb-spacing-left-medium:1.92%;--awb-width-small:100%;--awb-order-small:0;--awb-spacing-right-small:1.92%;--awb-spacing-left-small:1.92%;\"><div class=\"fusion-column-wrapper fusion-column-has-shadow fusion-flex-justify-content-flex-start fusion-content-layout-column\"><div class=\"fusion-title title fusion-title-1 fusion-sep-none fusion-title-center fusion-title-text fusion-title-size-two\" style=\"--awb-text-color:#ffffff;--awb-margin-top:0px;--awb-margin-bottom:40px;--awb-margin-bottom-small:16px;--awb-font-size:50px;\"><h2 class=\"title-heading-center fusion-responsive-typography-calculated\" style=\"margin:0;font-size:1em;--fontSize:50;line-height:1.02;text-shadow:4px 4px 18px rgba(0,0,0,0.72);\">Alumbrados<\/h2><\/div><\/div><\/div><\/div><\/div><div class=\"fusion-fullwidth fullwidth-box fusion-builder-row-2 fusion-flex-container fusion-parallax-none nonhundred-percent-fullwidth non-hundred-percent-height-scrolling lazyload\" style=\"--awb-border-radius-top-left:0px;--awb-border-radius-top-right:0px;--awb-border-radius-bottom-right:0px;--awb-border-radius-bottom-left:0px;--awb-padding-top:10px;--awb-padding-top-medium:12px;--awb-padding-bottom-medium:24px;--awb-padding-top-small:0px;--awb-padding-bottom-small:0px;--awb-background-image:linear-gradient(180deg, #ffffff 48%,rgba(255,255,255,0.82) 100%);;--awb-background-size:cover;\" data-bg=\"https:\/\/engranatec.com\/wp-content\/uploads\/2023\/04\/bg-enllumenat-engranatec-enginyers.jpg\" data-bg-gradient=\"linear-gradient(180deg, #ffffff 48%,rgba(255,255,255,0.82) 100%)\" ><div class=\"fusion-builder-row fusion-row fusion-flex-align-items-stretch fusion-flex-justify-content-center\" style=\"max-width:1310.4px;margin-left: calc(-4% \/ 2 );margin-right: calc(-4% \/ 2 );\"><div class=\"fusion-layout-column fusion_builder_column fusion-builder-column-1 fusion_builder_column_3_5 3_5 fusion-flex-column\" style=\"--awb-padding-top:8%;--awb-padding-right:10%;--awb-padding-bottom:8%;--awb-padding-left:10%;--awb-padding-top-medium:8%;--awb-padding-right-medium:8%;--awb-padding-bottom-medium:8%;--awb-padding-left-medium:8%;--awb-overflow:hidden;--awb-bg-color:var(--awb-color1);--awb-bg-color-hover:var(--awb-color1);--awb-bg-size:cover;--awb-box-shadow:0px 2px 4px 2px hsla(var(--awb-color1-h),var(--awb-color1-s),calc( var(--awb-color1-l) - 100% ),calc( var(--awb-color1-a) - 95% ));;--awb-border-color:hsla(var(--awb-color1-h),var(--awb-color1-s),calc( var(--awb-color1-l) - 100% ),calc( var(--awb-color1-a) - 95% ));--awb-border-top:1px;--awb-border-right:1px;--awb-border-bottom:1px;--awb-border-left:1px;--awb-border-style:solid;--awb-border-radius:8px 8px 8px 8px;--awb-width-large:60%;--awb-margin-top-large:15px;--awb-spacing-right-large:3.2%;--awb-margin-bottom-large:20px;--awb-spacing-left-large:3.2%;--awb-width-medium:60%;--awb-order-medium:0;--awb-spacing-right-medium:3.2%;--awb-spacing-left-medium:3.2%;--awb-width-small:100%;--awb-order-small:0;--awb-margin-top-small:0px;--awb-spacing-right-small:1.92%;--awb-spacing-left-small:1.92%;\"><div class=\"fusion-column-wrapper fusion-column-has-shadow fusion-flex-justify-content-flex-start fusion-content-layout-column\"><div class=\"fusion-title title fusion-title-2 fusion-sep-none fusion-title-text fusion-title-size-two\"><h2 class=\"title-heading-left fusion-responsive-typography-calculated\" style=\"margin:0;--fontSize:48;line-height:1.2;\">Servicio<span style=\"color: var(--awb-color7);\">.<\/span><\/h2><\/div><div class=\"fusion-text fusion-text-1\"><p>Proyecto y estudios de alumbrados p\u00fablicos, estudios de mejora de la eficiencia energ\u00e9tica y de la contaminaci\u00f3n lum\u00ednica.<\/p>\n<\/div><\/div><\/div><div class=\"fusion-layout-column fusion_builder_column fusion-builder-column-2 fusion_builder_column_2_5 2_5 fusion-flex-column\" style=\"--awb-bg-size:cover;--awb-width-large:40%;--awb-margin-top-large:20px;--awb-spacing-right-large:4.8%;--awb-margin-bottom-large:20px;--awb-spacing-left-large:0px;--awb-width-medium:40%;--awb-order-medium:0;--awb-spacing-right-medium:4.8%;--awb-spacing-left-medium:0px;--awb-width-small:100%;--awb-order-small:0;--awb-margin-top-small:0px;--awb-spacing-right-small:1.92%;--awb-spacing-left-small:1.92%;\"><div class=\"fusion-column-wrapper fusion-column-has-shadow fusion-flex-justify-content-center fusion-content-layout-column\"><div class=\"fusion-image-element \" style=\"--awb-caption-title-font-family:var(--h2_typography-font-family);--awb-caption-title-font-weight:var(--h2_typography-font-weight);--awb-caption-title-font-style:var(--h2_typography-font-style);--awb-caption-title-size:var(--h2_typography-font-size);--awb-caption-title-transform:var(--h2_typography-text-transform);--awb-caption-title-line-height:var(--h2_typography-line-height);--awb-caption-title-letter-spacing:var(--h2_typography-letter-spacing);\"><span class=\" fusion-imageframe imageframe-none imageframe-1 hover-type-none\" style=\"border:4px solid rgba(102,153,51,0.18);border-radius:12px;\" class=\"image-magnify\" class=\"image-scroll\"><img decoding=\"async\" width=\"900\" height=\"600\" title=\"img-servei-engranatec-enginyers-03\" src=\"https:\/\/engranatec.com\/wp-content\/uploads\/2023\/04\/img-servei-engranatec-enginyers-03.jpg\" data-orig-src=\"https:\/\/engranatec.com\/wp-content\/uploads\/2023\/04\/img-servei-engranatec-enginyers-03.jpg\" alt class=\"lazyload img-responsive wp-image-2788\" srcset=\"data:image\/svg+xml,%3Csvg%20xmlns%3D%27http%3A%2F%2Fwww.w3.org%2F2000%2Fsvg%27%20width%3D%27900%27%20height%3D%27600%27%20viewBox%3D%270%200%20900%20600%27%3E%3Crect%20width%3D%27900%27%20height%3D%27600%27%20fill-opacity%3D%220%22%2F%3E%3C%2Fsvg%3E\" data-srcset=\"https:\/\/engranatec.com\/wp-content\/uploads\/2023\/04\/img-servei-engranatec-enginyers-03-200x133.jpg 200w, https:\/\/engranatec.com\/wp-content\/uploads\/2023\/04\/img-servei-engranatec-enginyers-03-400x267.jpg 400w, https:\/\/engranatec.com\/wp-content\/uploads\/2023\/04\/img-servei-engranatec-enginyers-03-600x400.jpg 600w, https:\/\/engranatec.com\/wp-content\/uploads\/2023\/04\/img-servei-engranatec-enginyers-03-800x533.jpg 800w, https:\/\/engranatec.com\/wp-content\/uploads\/2023\/04\/img-servei-engranatec-enginyers-03.jpg 900w\" data-sizes=\"auto\" data-orig-sizes=\"(max-width: 640px) 100vw, 600px\" \/><\/span><\/div><\/div><\/div><\/div><\/div><\/p>\n","protected":false},"excerpt":{"rendered":"","protected":false},"author":1,"featured_media":0,"parent":2811,"menu_order":0,"comment_status":"closed","ping_status":"closed","template":"100-width.php","meta":{"footnotes":""},"class_list":["post-2824","page","type-page","status-publish","hentry"],"yoast_head":"<!-- This site is optimized with the Yoast SEO plugin v20.12 - https:\/\/yoast.com\/wordpress\/plugins\/seo\/ -->\n<title>Alumbrados - Engrantec Enginyers<\/title>\n<meta name=\"robots\" content=\"index, follow, max-snippet:-1, max-image-preview:large, max-video-preview:-1\" \/>\n<link rel=\"canonical\" href=\"https:\/\/engranatec.com\/es\/servicios\/alumbrados\/\" \/>\n<meta property=\"og:locale\" content=\"es_ES\" \/>\n<meta property=\"og:type\" content=\"article\" \/>\n<meta property=\"og:title\" content=\"Alumbrados - Engrantec Enginyers\" \/>\n<meta property=\"og:url\" content=\"https:\/\/engranatec.com\/es\/servicios\/alumbrados\/\" \/>\n<meta property=\"og:site_name\" content=\"Engrantec Enginyers\" \/>\n<meta property=\"article:modified_time\" content=\"2023-08-01T17:18:53+00:00\" \/>\n<meta name=\"twitter:card\" content=\"summary_large_image\" \/>\n<meta name=\"twitter:label1\" content=\"Tiempo de lectura\" \/>\n\t<meta name=\"twitter:data1\" content=\"7 minutos\" \/>\n<script type=\"application\/ld+json\" class=\"yoast-schema-graph\">{\"@context\":\"https:\/\/schema.org\",\"@graph\":[{\"@type\":\"WebPage\",\"@id\":\"https:\/\/engranatec.com\/es\/servicios\/alumbrados\/\",\"url\":\"https:\/\/engranatec.com\/es\/servicios\/alumbrados\/\",\"name\":\"Alumbrados - Engrantec Enginyers\",\"isPartOf\":{\"@id\":\"https:\/\/engranatec.com\/#website\"},\"datePublished\":\"2023-04-19T14:33:55+00:00\",\"dateModified\":\"2023-08-01T17:18:53+00:00\",\"breadcrumb\":{\"@id\":\"https:\/\/engranatec.com\/es\/servicios\/alumbrados\/#breadcrumb\"},\"inLanguage\":\"es\",\"potentialAction\":[{\"@type\":\"ReadAction\",\"target\":[\"https:\/\/engranatec.com\/es\/servicios\/alumbrados\/\"]}]},{\"@type\":\"BreadcrumbList\",\"@id\":\"https:\/\/engranatec.com\/es\/servicios\/alumbrados\/#breadcrumb\",\"itemListElement\":[{\"@type\":\"ListItem\",\"position\":1,\"name\":\"Portada\",\"item\":\"https:\/\/engranatec.com\/es\/engranatec\/\"},{\"@type\":\"ListItem\",\"position\":2,\"name\":\"Servicios\",\"item\":\"https:\/\/engranatec.com\/es\/servicios\/\"},{\"@type\":\"ListItem\",\"position\":3,\"name\":\"Alumbrados\"}]},{\"@type\":\"WebSite\",\"@id\":\"https:\/\/engranatec.com\/#website\",\"url\":\"https:\/\/engranatec.com\/\",\"name\":\"Engrantec Enginyers\",\"description\":\"gesti\u00f3 integral de projectes d\u2019enginyeria industrial i activitats, amb una dilatada experi\u00e8ncia en el sector de la industria agroaliment\u00e0ria\",\"potentialAction\":[{\"@type\":\"SearchAction\",\"target\":{\"@type\":\"EntryPoint\",\"urlTemplate\":\"https:\/\/engranatec.com\/?s={search_term_string}\"},\"query-input\":\"required name=search_term_string\"}],\"inLanguage\":\"es\"}]}<\/script>\n<!-- \/ Yoast SEO plugin. -->","yoast_head_json":{"title":"Alumbrados - Engrantec Enginyers","robots":{"index":"index","follow":"follow","max-snippet":"max-snippet:-1","max-image-preview":"max-image-preview:large","max-video-preview":"max-video-preview:-1"},"canonical":"https:\/\/engranatec.com\/es\/servicios\/alumbrados\/","og_locale":"es_ES","og_type":"article","og_title":"Alumbrados - Engrantec Enginyers","og_url":"https:\/\/engranatec.com\/es\/servicios\/alumbrados\/","og_site_name":"Engrantec Enginyers","article_modified_time":"2023-08-01T17:18:53+00:00","twitter_card":"summary_large_image","twitter_misc":{"Tiempo de lectura":"7 minutos"},"schema":{"@context":"https:\/\/schema.org","@graph":[{"@type":"WebPage","@id":"https:\/\/engranatec.com\/es\/servicios\/alumbrados\/","url":"https:\/\/engranatec.com\/es\/servicios\/alumbrados\/","name":"Alumbrados - Engrantec Enginyers","isPartOf":{"@id":"https:\/\/engranatec.com\/#website"},"datePublished":"2023-04-19T14:33:55+00:00","dateModified":"2023-08-01T17:18:53+00:00","breadcrumb":{"@id":"https:\/\/engranatec.com\/es\/servicios\/alumbrados\/#breadcrumb"},"inLanguage":"es","potentialAction":[{"@type":"ReadAction","target":["https:\/\/engranatec.com\/es\/servicios\/alumbrados\/"]}]},{"@type":"BreadcrumbList","@id":"https:\/\/engranatec.com\/es\/servicios\/alumbrados\/#breadcrumb","itemListElement":[{"@type":"ListItem","position":1,"name":"Portada","item":"https:\/\/engranatec.com\/es\/engranatec\/"},{"@type":"ListItem","position":2,"name":"Servicios","item":"https:\/\/engranatec.com\/es\/servicios\/"},{"@type":"ListItem","position":3,"name":"Alumbrados"}]},{"@type":"WebSite","@id":"https:\/\/engranatec.com\/#website","url":"https:\/\/engranatec.com\/","name":"Engrantec Enginyers","description":"gesti\u00f3 integral de projectes d\u2019enginyeria industrial i activitats, amb una dilatada experi\u00e8ncia en el sector de la industria agroaliment\u00e0ria","potentialAction":[{"@type":"SearchAction","target":{"@type":"EntryPoint","urlTemplate":"https:\/\/engranatec.com\/?s={search_term_string}"},"query-input":"required name=search_term_string"}],"inLanguage":"es"}]}},"_links":{"self":[{"href":"https:\/\/engranatec.com\/es\/wp-json\/wp\/v2\/pages\/2824","targetHints":{"allow":["GET"]}}],"collection":[{"href":"https:\/\/engranatec.com\/es\/wp-json\/wp\/v2\/pages"}],"about":[{"href":"https:\/\/engranatec.com\/es\/wp-json\/wp\/v2\/types\/page"}],"author":[{"embeddable":true,"href":"https:\/\/engranatec.com\/es\/wp-json\/wp\/v2\/users\/1"}],"replies":[{"embeddable":true,"href":"https:\/\/engranatec.com\/es\/wp-json\/wp\/v2\/comments?post=2824"}],"version-history":[{"count":2,"href":"https:\/\/engranatec.com\/es\/wp-json\/wp\/v2\/pages\/2824\/revisions"}],"predecessor-version":[{"id":2826,"href":"https:\/\/engranatec.com\/es\/wp-json\/wp\/v2\/pages\/2824\/revisions\/2826"}],"up":[{"embeddable":true,"href":"https:\/\/engranatec.com\/es\/wp-json\/wp\/v2\/pages\/2811"}],"wp:attachment":[{"href":"https:\/\/engranatec.com\/es\/wp-json\/wp\/v2\/media?parent=2824"}],"curies":[{"name":"wp","href":"https:\/\/api.w.org\/{rel}","templated":true}]}}